{"id":1608,"date":"2025-03-26T03:52:06","date_gmt":"2025-03-26T03:52:06","guid":{"rendered":"https:\/\/paolozada.com\/info\/contact-2\/"},"modified":"2026-04-07T00:36:42","modified_gmt":"2026-04-07T00:36:42","slug":"contact","status":"publish","type":"page","link":"https:\/\/paolozada.com\/info\/","title":{"rendered":"Contact"},"content":{"rendered":"\n<div class=\"wp-block-uagb-container uagb-block-e9361894 alignfull uagb-is-root-container\"><div class=\"uagb-container-inner-blocks-wrap\">\n<div class=\"wp-block-uagb-advanced-heading uagb-block-aaf888dc\"><h3 class=\"uagb-heading-text\">CONTACTO\u200b<\/h3><\/div>\n<\/div><\/div>\n\n\n\n<div class=\"wp-block-uagb-container uagb-block-7e62e2ff alignfull uagb-is-root-container\"><div class=\"uagb-container-inner-blocks-wrap\">\n<div data-aos= \"fade-up\" data-aos-duration=\"400\" data-aos-delay=\"0\" data-aos-easing=\"ease\" data-aos-once=\"true\" class=\"wp-block-uagb-container uagb-block-75c809ca\">\n<div class=\"wp-block-uagb-info-box uagb-block-5277e193 uagb-infobox__content-wrap  uagb-infobox-icon-above-title uagb-infobox-image-valign-top\"><div class=\"uagb-ifb-content\"><div class=\"uagb-ifb-icon-wrap\"><svg xmlns=\"https:\/\/www.w3.org\/2000\/svg\" viewBox=\"0 0 512 512\"><path d=\"M511.2 387l-23.25 100.8c-3.266 14.25-15.79 24.22-30.46 24.22C205.2 512 0 306.8 0 54.5c0-14.66 9.969-27.2 24.22-30.45l100.8-23.25C139.7-2.602 154.7 5.018 160.8 18.92l46.52 108.5c5.438 12.78 1.77 27.67-8.98 36.45L144.5 207.1c33.98 69.22 90.26 125.5 159.5 159.5l44.08-53.8c8.688-10.78 23.69-14.51 36.47-8.975l108.5 46.51C506.1 357.2 514.6 372.4 511.2 387z\"><\/path><\/svg><\/div><div class=\"uagb-ifb-title-wrap\"><\/div><p class=\"uagb-ifb-desc\"><span style=\"color: var(--ast-global-color-8);\" class=\"stk-highlight\"><strong>+571 3118534588<\/strong><\/span><\/p><\/div><\/div>\n<\/div>\n\n\n\n<div data-aos= \"fade-up\" data-aos-duration=\"400\" data-aos-delay=\"0\" data-aos-easing=\"ease\" data-aos-once=\"true\" class=\"wp-block-uagb-container uagb-block-8e16632c\">\n<div data-aos= \"fade-up\" data-aos-duration=\"400\" data-aos-delay=\"0\" data-aos-easing=\"ease\" data-aos-once=\"true\" class=\"wp-block-uagb-info-box uagb-block-f19307ff uagb-infobox__content-wrap  uagb-infobox-icon-above-title uagb-infobox-image-valign-top\"><div class=\"uagb-ifb-content\"><div class=\"uagb-ifb-icon-wrap\"><svg xmlns=\"https:\/\/www.w3.org\/2000\/svg\" viewBox=\"0 0 512 512\"><path d=\"M464 64C490.5 64 512 85.49 512 112C512 127.1 504.9 141.3 492.8 150.4L275.2 313.6C263.8 322.1 248.2 322.1 236.8 313.6L19.2 150.4C7.113 141.3 0 127.1 0 112C0 85.49 21.49 64 48 64H464zM217.6 339.2C240.4 356.3 271.6 356.3 294.4 339.2L512 176V384C512 419.3 483.3 448 448 448H64C28.65 448 0 419.3 0 384V176L217.6 339.2z\"><\/path><\/svg><\/div><div class=\"uagb-ifb-title-wrap\"><p class=\"uagb-ifb-title\"><strong><a href=\"mailto:dev@paolozada.com\"><span style=\"color: var(--ast-global-color-8);\" class=\"stk-highlight\">dev@paolozada.com<\/span><\/a><\/strong><\/p><\/div><\/div><\/div>\n<\/div>\n\n\n\n<div data-aos= \"fade-up\" data-aos-duration=\"400\" data-aos-delay=\"0\" data-aos-easing=\"ease\" data-aos-once=\"true\" class=\"wp-block-uagb-container uagb-block-e21c4964 alignfull uagb-is-root-container\"><div class=\"uagb-container-inner-blocks-wrap\">\n<div class=\"wp-block-uagb-info-box uagb-block-1653e5a5 uagb-infobox__content-wrap  uagb-infobox-icon-above-title uagb-infobox-image-valign-top\"><div class=\"uagb-ifb-content\"><div class=\"uagb-ifb-icon-wrap\"><svg xmlns=\"https:\/\/www.w3.org\/2000\/svg\" viewBox=\"0 0 576 512\"><path d=\"M408 120C408 174.6 334.9 271.9 302.8 311.1C295.1 321.6 280.9 321.6 273.2 311.1C241.1 271.9 168 174.6 168 120C168 53.73 221.7 0 288 0C354.3 0 408 53.73 408 120zM288 152C310.1 152 328 134.1 328 112C328 89.91 310.1 72 288 72C265.9 72 248 89.91 248 112C248 134.1 265.9 152 288 152zM425.6 179.8C426.1 178.6 426.6 177.4 427.1 176.1L543.1 129.7C558.9 123.4 576 135 576 152V422.8C576 432.6 570 441.4 560.9 445.1L416 503V200.4C419.5 193.5 422.7 186.7 425.6 179.8zM150.4 179.8C153.3 186.7 156.5 193.5 160 200.4V451.8L32.91 502.7C17.15 508.1 0 497.4 0 480.4V209.6C0 199.8 5.975 190.1 15.09 187.3L137.6 138.3C140 152.5 144.9 166.6 150.4 179.8H150.4zM327.8 331.1C341.7 314.6 363.5 286.3 384 255V504.3L192 449.4V255C212.5 286.3 234.3 314.6 248.2 331.1C268.7 357.6 307.3 357.6 327.8 331.1L327.8 331.1z\"><\/path><\/svg><\/div><div class=\"uagb-ifb-title-wrap\"><\/div><p class=\"uagb-ifb-desc\"><span style=\"color: var(--ast-global-color-8);\" class=\"stk-highlight\"><strong>Cundinamarca, Colombia<\/strong><\/span><\/p><\/div><\/div>\n<\/div><\/div>\n<\/div><\/div>\n\n\n\n<div class=\"wp-block-uagb-container uagb-block-2efc328d alignfull uagb-is-root-container\"><div class=\"uagb-container-inner-blocks-wrap\">\n<div class=\"wp-block-uagb-container uagb-block-30744444\">\n<div class=\"wp-block-uagb-info-box uagb-block-c78b2b49 uagb-infobox__content-wrap  uagb-infobox-icon-above-title uagb-infobox-image-valign-top\"><div class=\"uagb-ifb-content\"><div class=\"uagb-ifb-icon-wrap\"><svg xmlns=\"https:\/\/www.w3.org\/2000\/svg\" viewBox=\"0 0 512 512\"><path d=\"M490.3 40.4C512.2 62.27 512.2 97.73 490.3 119.6L460.3 149.7L362.3 51.72L392.4 21.66C414.3-.2135 449.7-.2135 471.6 21.66L490.3 40.4zM172.4 241.7L339.7 74.34L437.7 172.3L270.3 339.6C264.2 345.8 256.7 350.4 248.4 353.2L159.6 382.8C150.1 385.6 141.5 383.4 135 376.1C128.6 370.5 126.4 361 129.2 352.4L158.8 263.6C161.6 255.3 166.2 247.8 172.4 241.7V241.7zM192 63.1C209.7 63.1 224 78.33 224 95.1C224 113.7 209.7 127.1 192 127.1H96C78.33 127.1 64 142.3 64 159.1V416C64 433.7 78.33 448 96 448H352C369.7 448 384 433.7 384 416V319.1C384 302.3 398.3 287.1 416 287.1C433.7 287.1 448 302.3 448 319.1V416C448 469 405 512 352 512H96C42.98 512 0 469 0 416V159.1C0 106.1 42.98 63.1 96 63.1H192z\"><\/path><\/svg><\/div><div class=\"uagb-ifb-title-wrap\"><h3 class=\"uagb-ifb-title\"><span style=\"color: var(--ast-global-color-8);\" class=\"stk-highlight\">\u00bfTienes preguntas o ideas?<\/span><\/h3><\/div><p class=\"uagb-ifb-desc\">D\u00e9jame un mensaje y te responder\u00e9 lo antes posible. Juntos podemos construir algo incre\u00edble.<\/p><\/div><\/div>\n<\/div>\n\n\n\n<div class=\"wp-block-uagb-container uag-blocks-common-selector uagb-block-84582aac\">\n<div class=\"wp-block-uagb-advanced-heading uagb-block-f0a1ac00\"><h3 class=\"uagb-heading-text\">\u00a1HABLEMOS!\ud83d\udc4b<\/h3><\/div>\n\n\n\n<div class=\"wp-block-uagb-forms uagb-forms__outer-wrap uagb-block-6282b1ad uagb-forms__medium-btn\"><form class=\"uagb-forms-main-form\" method=\"post\" autocomplete=\"on\" name=\"uagb-form-6282b1ad\">\n<div class=\"wp-block-uagb-forms-name uagb-forms-name-wrap uagb-forms-field-set uagb-block-c8d82ba4\"><div class=\"uagb-forms-name-label required uagb-forms-input-label\" id=\"c8d82ba4\">First Name<\/div><input type=\"text\" placeholder=\"Full Name\" required class=\"uagb-forms-name-input uagb-forms-input\" name=\"c8d82ba4\" autocomplete=\"given-name\"\/><\/div>\n\n\n\n<div class=\"wp-block-uagb-forms-email uagb-forms-email-wrap uagb-forms-field-set uagb-block-a1967093\"><div class=\"uagb-forms-email-label  uagb-forms-input-label\" id=\"a1967093\">Email<\/div><input type=\"email\" class=\"uagb-forms-email-input uagb-forms-input\" placeholder=\"Enter Email Address\" name=\"a1967093\" autocomplete=\"email\"\/><\/div>\n\n\n\n<div class=\"wp-block-uagb-forms-textarea uagb-forms-textarea-wrap uagb-forms-field-set uagb-block-412e6107\"><div class=\"uagb-forms-textarea-label required uagb-forms-input-label\" id=\"412e6107\">Message<\/div><textarea required class=\"uagb-forms-textarea-input uagb-forms-input\" rows=\"8\" placeholder=\"Enter your message\" name=\"412e6107\" autocomplete=\"off\"><\/textarea><\/div>\n<div class=\"uagb-forms-form-hidden-data\"><input type=\"hidden\" class=\"uagb_forms_form_label\" value=\"Spectra Form\"\/><input type=\"hidden\" class=\"uagb_forms_form_id\" value=\"uagb-form-6282b1ad\"\/><\/div><div class=\"uagb-form-reacaptcha-error-6282b1ad\"><\/div><div class=\"uagb-forms-main-submit-button-wrap wp-block-button\"><button class=\"uagb-forms-main-submit-button wp-block-button__link\"><div class=\"uagb-forms-main-submit-button-text\">ENVIAR <\/div><\/button><\/div><\/form><div class=\"uagb-forms-success-message-6282b1ad uagb-forms-submit-message-hide\"><span>\ud83d\udc9c\u00a1Gracias por tu Mensaje!<\/span><\/div><div class=\"uagb-forms-failed-message-6282b1ad uagb-forms-submit-message-hide\"><span>There has been some error while submitting the form. Please verify all form fields again.<\/span><\/div><\/div>\n<\/div>\n<\/div><\/div>\n\n\n\n<div class=\"wp-block-uagb-separator uagb-block-2ddd195b wp-block-uagb-separator--icon\"><div class=\"uagb-separator-spacing-wrapper\"><div class=\"wp-block-uagb-separator__inner\" style=\"--my-background-image:\"><div class=\"wp-block-uagb-separator-element\"><svg xmlns=\"https:\/\/www.w3.org\/2000\/svg\" viewBox=\"0 0 512 512\"><path d=\"M480 32H128C110.3 32 96 46.33 96 64v336C96 408.8 88.84 416 80 416S64 408.8 64 400V96H32C14.33 96 0 110.3 0 128v288c0 35.35 28.65 64 64 64h384c35.35 0 64-28.65 64-64V64C512 46.33 497.7 32 480 32zM272 416h-96C167.2 416 160 408.8 160 400C160 391.2 167.2 384 176 384h96c8.836 0 16 7.162 16 16C288 408.8 280.8 416 272 416zM272 320h-96C167.2 320 160 312.8 160 304C160 295.2 167.2 288 176 288h96C280.8 288 288 295.2 288 304C288 312.8 280.8 320 272 320zM432 416h-96c-8.836 0-16-7.164-16-16c0-8.838 7.164-16 16-16h96c8.836 0 16 7.162 16 16C448 408.8 440.8 416 432 416zM432 320h-96C327.2 320 320 312.8 320 304C320 295.2 327.2 288 336 288h96C440.8 288 448 295.2 448 304C448 312.8 440.8 320 432 320zM448 208C448 216.8 440.8 224 432 224h-256C167.2 224 160 216.8 160 208v-96C160 103.2 167.2 96 176 96h256C440.8 96 448 103.2 448 112V208z\"><\/path><\/svg><\/div><\/div><\/div><\/div>\n\n\n\n<div class=\"wp-block-uagb-container uagb-block-3ed18517 alignfull uagb-is-root-container\">\n\t\t\t<div class=\"wp-block-uagb-post-grid uagb-post-grid  uagb-post__image-position-top uagb-post__image-enabled uagb-block-e4167d89     uagb-post__items uagb-post__columns-3 is-grid uagb-post__columns-tablet-2 uagb-post__columns-mobile-1 uagb-post__equal-height\" data-total=\"3\" style=\"\">\n\n\t\t\t\t\t\t\t\t\t\t\t\t<article class=\"uagb-post__inner-wrap\">\t\t\t\t\t\t\t\t<div class='uagb-post__image'>\n\t\t\t\t\t\t\t\t\t<a href=\"https:\/\/paolozada.com\/info\/planes-de-prueba-con-ia\/\" target=\"_self\" rel=\"bookmark noopener noreferrer\" class='uagb-image-ratio-2-3'><img loading=\"lazy\" decoding=\"async\" width=\"1024\" height=\"683\" src=\"https:\/\/paolozada.com\/info\/wp-content\/uploads\/2025\/07\/qassitant_1-1024x683.webp\" class=\"attachment-large size-large\" alt=\"QAssistant\" srcset=\"https:\/\/paolozada.com\/info\/wp-content\/uploads\/2025\/07\/qassitant_1-1024x683.webp 1024w, https:\/\/paolozada.com\/info\/wp-content\/uploads\/2025\/07\/qassitant_1-300x200.webp 300w, https:\/\/paolozada.com\/info\/wp-content\/uploads\/2025\/07\/qassitant_1-768x512.webp 768w, https:\/\/paolozada.com\/info\/wp-content\/uploads\/2025\/07\/qassitant_1.webp 1536w\" sizes=\"auto, (max-width: 1024px) 100vw, 1024px\" \/>\t\t\t\t\t<\/a>\n\t\t\t\t\t\t\t<\/div>\n\t\t\t<div class=\"uag-post-grid-wrapper\">\t\t\t<h4 class=\"uagb-post__title uagb-post__text\">\n\t\t\t\t<a href=\"https:\/\/paolozada.com\/info\/planes-de-prueba-con-ia\/\" target=\"_self\" rel=\"bookmark noopener noreferrer\">Crea planes de prueba con IA<\/a>\n\t\t\t<\/h4>\n\t\t\t\t\t\t<div class='uagb-post__text uagb-post-grid-byline'>\n\t\t\t\t\t\t\t\t<time datetime=\"2025-07-15T03:14:22+00:00\" class=\"uagb-post__date\">\n\t\t\t\t<span class=\"dashicons-calendar dashicons\"><\/span>\t\t\t\t\tJuly 15, 2025\t\t\t\t<\/time>\n\t\t\t\t\t\t\t<span class=\"uagb-post__comment\">\n\t\t\t\t<span class=\"dashicons-admin-comments dashicons\"><\/span>\t\t\t\t\tNo Comments\t\t\t\t<\/span>\n\t\t\t\t\t\t<\/div>\n\t\t\t\t\t\t<div class=\"uagb-post__text uagb-post__cta wp-block-button\">\n\t\t\t\t<a class=\"wp-block-button__link uagb-text-link\" style=\"\" href=\"https:\/\/paolozada.com\/info\/planes-de-prueba-con-ia\/\" target=\"_self\" rel=\"bookmark noopener noreferrer\">Leer m\u00e1s&#8230;<\/a>\n\t\t\t<\/div>\n\t\t\t<\/div>\n\t\t\t\t\t\t\t\t\t<\/article>\n\t\t\t\t\t\t\t\t\t\t\t\t\t<div class=\"uagb-post-pagination-wrap\">\n\t\t\t\t\t\t<span aria-current=\"page\" class=\"page-numbers current\">1<\/span>\n<a class=\"page-numbers\" href=\"https:\/\/paolozada.com\/info\/wp-json\/wp\/v2\/pages\/1608\/page\/2\/\">2<\/a>\n<a class=\"page-numbers\" href=\"https:\/\/paolozada.com\/info\/wp-json\/wp\/v2\/pages\/1608\/page\/3\/\">3<\/a>\n<a class=\"next page-numbers\" href=\"https:\/\/paolozada.com\/info\/wp-json\/wp\/v2\/pages\/1608\/page\/2\/\">Next \u00bb<\/a>\t\t\t\t\t<\/div>\n\t\t\t\t\t\t\t\t<\/div>\n\t\t\t<\/div>\n\n\n\n<div class=\"wp-block-uagb-separator uagb-block-39dcd747 wp-block-uagb-separator--icon\"><div class=\"uagb-separator-spacing-wrapper\"><div class=\"wp-block-uagb-separator__inner\" style=\"--my-background-image:\"><div class=\"wp-block-uagb-separator-element\"><svg xmlns=\"https:\/\/www.w3.org\/2000\/svg\" viewBox=\"0 0 512 512\"><path d=\"M480 32H128C110.3 32 96 46.33 96 64v336C96 408.8 88.84 416 80 416S64 408.8 64 400V96H32C14.33 96 0 110.3 0 128v288c0 35.35 28.65 64 64 64h384c35.35 0 64-28.65 64-64V64C512 46.33 497.7 32 480 32zM272 416h-96C167.2 416 160 408.8 160 400C160 391.2 167.2 384 176 384h96c8.836 0 16 7.162 16 16C288 408.8 280.8 416 272 416zM272 320h-96C167.2 320 160 312.8 160 304C160 295.2 167.2 288 176 288h96C280.8 288 288 295.2 288 304C288 312.8 280.8 320 272 320zM432 416h-96c-8.836 0-16-7.164-16-16c0-8.838 7.164-16 16-16h96c8.836 0 16 7.162 16 16C448 408.8 440.8 416 432 416zM432 320h-96C327.2 320 320 312.8 320 304C320 295.2 327.2 288 336 288h96C440.8 288 448 295.2 448 304C448 312.8 440.8 320 432 320zM448 208C448 216.8 440.8 224 432 224h-256C167.2 224 160 216.8 160 208v-96C160 103.2 167.2 96 176 96h256C440.8 96 448 103.2 448 112V208z\"><\/path><\/svg><\/div><\/div><\/div><\/div>\n","protected":false},"excerpt":{"rendered":"<p>CONTACTO\u200b \u00a1HABLEMOS!\ud83d\udc4b<\/p>\n","protected":false},"author":1,"featured_media":2528,"parent":0,"menu_order":0,"comment_status":"closed","ping_status":"closed","template":"","meta":{"_uag_custom_page_level_css":"","footnotes":""},"class_list":["post-1608","page","type-page","status-publish","has-post-thumbnail","hentry"],"blocksy_meta":[],"uagb_featured_image_src":{"full":["https:\/\/paolozada.com\/info\/wp-content\/uploads\/2025\/09\/cropped-paolozada_3D.png",408,408,false],"thumbnail":["https:\/\/paolozada.com\/info\/wp-content\/uploads\/2025\/09\/cropped-paolozada_3D-150x150.png",150,150,true],"medium":["https:\/\/paolozada.com\/info\/wp-content\/uploads\/2025\/09\/cropped-paolozada_3D-300x300.png",300,300,true],"medium_large":["https:\/\/paolozada.com\/info\/wp-content\/uploads\/2025\/09\/cropped-paolozada_3D.png",408,408,false],"large":["https:\/\/paolozada.com\/info\/wp-content\/uploads\/2025\/09\/cropped-paolozada_3D.png",408,408,false],"1536x1536":["https:\/\/paolozada.com\/info\/wp-content\/uploads\/2025\/09\/cropped-paolozada_3D.png",408,408,false],"2048x2048":["https:\/\/paolozada.com\/info\/wp-content\/uploads\/2025\/09\/cropped-paolozada_3D.png",408,408,false]},"uagb_author_info":{"display_name":"palozadagutierrez","author_link":"https:\/\/paolozada.com\/info\/author\/palozadagutierrez\/"},"uagb_comment_info":0,"uagb_excerpt":"CONTACTO\u200b \u00a1HABLEMOS!\ud83d\udc4b","_links":{"self":[{"href":"https:\/\/paolozada.com\/info\/wp-json\/wp\/v2\/pages\/1608","targetHints":{"allow":["GET"]}}],"collection":[{"href":"https:\/\/paolozada.com\/info\/wp-json\/wp\/v2\/pages"}],"about":[{"href":"https:\/\/paolozada.com\/info\/wp-json\/wp\/v2\/types\/page"}],"author":[{"embeddable":true,"href":"https:\/\/paolozada.com\/info\/wp-json\/wp\/v2\/users\/1"}],"replies":[{"embeddable":true,"href":"https:\/\/paolozada.com\/info\/wp-json\/wp\/v2\/comments?post=1608"}],"version-history":[{"count":120,"href":"https:\/\/paolozada.com\/info\/wp-json\/wp\/v2\/pages\/1608\/revisions"}],"predecessor-version":[{"id":3198,"href":"https:\/\/paolozada.com\/info\/wp-json\/wp\/v2\/pages\/1608\/revisions\/3198"}],"wp:featuredmedia":[{"embeddable":true,"href":"https:\/\/paolozada.com\/info\/wp-json\/wp\/v2\/media\/2528"}],"wp:attachment":[{"href":"https:\/\/paolozada.com\/info\/wp-json\/wp\/v2\/media?parent=1608"}],"curies":[{"name":"wp","href":"https:\/\/api.w.org\/{rel}","templated":true}]}}